{"id":107,"date":"2014-12-18T09:28:12","date_gmt":"2014-12-18T08:28:12","guid":{"rendered":"http:\/\/drisk-solutions.com\/?page_id=107"},"modified":"2015-02-09T12:37:45","modified_gmt":"2015-02-09T11:37:45","slug":"conseil-en-gestion-de-risques","status":"publish","type":"page","link":"http:\/\/drisk-solutions.com\/?page_id=107","title":{"rendered":"Gestion de Risques"},"content":{"rendered":"<h3><span style=\"color: #0297ec;\">LA GESTION DE RISQUES EST L&rsquo;ANALYSE DES VULN\u00c9RABILIT\u00c9S DE VOTRE ENTREPRISE<\/span><\/h3>\n<p>&nbsp;<\/p>\n<p>Les<span style=\"color: #0297ec;\"> <strong>identifier<\/strong><\/span>, les<span style=\"color: #0297ec;\"> <strong>comprendre et les \u00e9valuer<\/strong><\/span>, les <strong><span style=\"color: #0297ec;\">ma\u00eetriser<\/span>,<\/strong> les <span style=\"color: #0297ec;\"><strong>pr\u00e9venir<\/strong> <\/span>et les<span style=\"color: #0297ec;\"><strong> traiter<\/strong> <\/span>est imp\u00e9ratif .<\/p>\n<p><span style=\"text-decoration: underline;\"><strong><img loading=\"lazy\" decoding=\"async\" class=\"  wp-image-541 alignleft\" src=\"http:\/\/drisk-solutions.com\/wp-content\/uploads\/2014\/12\/cartographie-300x218.jpg\" alt=\"cartographie\" width=\"249\" height=\"181\" srcset=\"http:\/\/drisk-solutions.com\/wp-content\/uploads\/2014\/12\/cartographie-300x218.jpg 300w, http:\/\/drisk-solutions.com\/wp-content\/uploads\/2014\/12\/cartographie-1024x745.jpg 1024w, http:\/\/drisk-solutions.com\/wp-content\/uploads\/2014\/12\/cartographie-980x713.jpg 980w, http:\/\/drisk-solutions.com\/wp-content\/uploads\/2014\/12\/cartographie.jpg 1280w\" sizes=\"auto, (max-width: 249px) 100vw, 249px\" \/>Notre m\u00e9thode<\/strong><\/span><\/p>\n<ol>\n<li><strong>\u00a0Identification :<\/strong> Ev\u00e9nements internes ou externes \u00e0 l&rsquo;entreprise<\/li>\n<li><strong>Evaluation :<\/strong> probabilit\u00e9, intensit\u00e9, fr\u00e9quence, impact, cons\u00e9quences<\/li>\n<li><strong>Analyse et classification des risques :<\/strong> \u00a0risque faible mais fr\u00e9quent, important mais rare&#8230;<\/li>\n<li><strong>Cartographie<\/strong> : repr\u00e9sentation sch\u00e9matique de l&rsquo;analyse<\/li>\n<li><strong>Plan de ma\u00eetrise et gestion des risques:<\/strong> pr\u00e9vention, protection, gouvernance, strat\u00e9gie de continuit\u00e9, mise en place de strat\u00e9gies<\/li>\n<\/ol>\n<p>Nous apprendrons \u00e0 conna\u00eetre votre entreprise gr\u00e2ce \u00e0 nos entretiens avec les membres de la Direction mais \u00e9galement certains collaborateurs que nous pourrons \u00ab\u00a0s\u00e9lectionner\u00a0\u00bb ensemble. Nous nous positionnerons \u00e9galement en \u00ab\u00a0observateur\u00a0\u00bb afin de collecter\u00a0toutes les informations qui nous seront n\u00e9cessaires.\u00a0Toutes donn\u00e9es collect\u00e9es ne sont destin\u00e9es qu&rsquo;\u00e0 D-RISK SOLUTIONS dans le cadre de la mission impartie. Soyez assur\u00e9s du respect de notre devoir\u00a0de confidentialit\u00e9<\/p>\n<p>Nous vous remettons un rapport complet d&rsquo;identification d&rsquo;\u00e9valuation et de proposition de traitement du risques.<\/p>\n<p>Nous assurons conjointement avec vous et vos collaborateurs le suivi de ce plan ainsi que toutes modifications n\u00e9cessaires \u00e0 conserver la ma\u00eetrise de vos risques.<\/p>\n<h5 style=\"text-align: center;\"><a title=\"Contacts\" href=\"http:\/\/drisk-solutions.com\/?page_id=69\"><span style=\"color: #0297ec;\">Pour de plus amples renseignements, contactez-nous<\/span><\/a><\/h5>\n","protected":false},"excerpt":{"rendered":"<p>LA GESTION DE RISQUES EST L&rsquo;ANALYSE DES VULN\u00c9RABILIT\u00c9S DE VOTRE ENTREPRISE &nbsp; Les identifier, les comprendre et les \u00e9valuer, les ma\u00eetriser, les pr\u00e9venir et les traiter est imp\u00e9ratif . Notre&#8230; <a class=\"read-more-button\" href=\"http:\/\/drisk-solutions.com\/?page_id=107\">Savoir plus &gt;<\/a><\/p>\n","protected":false},"author":3,"featured_media":0,"parent":120,"menu_order":0,"comment_status":"closed","ping_status":"open","template":"template-full-width-without-title.php","meta":{"footnotes":""},"class_list":["post-107","page","type-page","status-publish","hentry"],"_links":{"self":[{"href":"http:\/\/drisk-solutions.com\/index.php?rest_route=\/wp\/v2\/pages\/107","targetHints":{"allow":["GET"]}}],"collection":[{"href":"http:\/\/drisk-solutions.com\/index.php?rest_route=\/wp\/v2\/pages"}],"about":[{"href":"http:\/\/drisk-solutions.com\/index.php?rest_route=\/wp\/v2\/types\/page"}],"author":[{"embeddable":true,"href":"http:\/\/drisk-solutions.com\/index.php?rest_route=\/wp\/v2\/users\/3"}],"replies":[{"embeddable":true,"href":"http:\/\/drisk-solutions.com\/index.php?rest_route=%2Fwp%2Fv2%2Fcomments&post=107"}],"version-history":[{"count":16,"href":"http:\/\/drisk-solutions.com\/index.php?rest_route=\/wp\/v2\/pages\/107\/revisions"}],"predecessor-version":[{"id":733,"href":"http:\/\/drisk-solutions.com\/index.php?rest_route=\/wp\/v2\/pages\/107\/revisions\/733"}],"up":[{"embeddable":true,"href":"http:\/\/drisk-solutions.com\/index.php?rest_route=\/wp\/v2\/pages\/120"}],"wp:attachment":[{"href":"http:\/\/drisk-solutions.com\/index.php?rest_route=%2Fwp%2Fv2%2Fmedia&parent=107"}],"curies":[{"name":"wp","href":"https:\/\/api.w.org\/{rel}","templated":true}]}}