{"id":133,"date":"2014-12-18T13:28:09","date_gmt":"2014-12-18T12:28:09","guid":{"rendered":"http:\/\/drisk-solutions.com\/?page_id=133"},"modified":"2015-02-09T17:50:53","modified_gmt":"2015-02-09T16:50:53","slug":"industrie","status":"publish","type":"page","link":"http:\/\/drisk-solutions.com\/?page_id=133","title":{"rendered":"Industries"},"content":{"rendered":"<h3 style=\"text-align: left;\"><strong><span style=\"color: #0297ec;\">D-RISK SOLUTIONS D&rsquo;ASSURANCE DES INDUSTRIELS, ENTREPRISES DE M\u00c9CANIQUE\u00a0G\u00c9N\u00c9RALE, DE\u00a0<\/span><\/strong><span style=\"color: #0297ec;\">M\u00c9TALLURGIE<\/span><\/h3>\n<p>&nbsp;<\/p>\n<h4><strong>Vous fabriquez des pi\u00e8ces destin\u00e9es \u00e0 l&rsquo;industrie :<\/strong><\/h4>\n<ol>\n<ol>\n<li>\n<h4><strong>A\u00e9ronautique<img loading=\"lazy\" decoding=\"async\" class=\"  wp-image-553 alignright\" src=\"http:\/\/drisk-solutions.com\/wp-content\/uploads\/2014\/12\/Avion3-300x200.jpg\" alt=\"Avion\" width=\"162\" height=\"108\" srcset=\"http:\/\/drisk-solutions.com\/wp-content\/uploads\/2014\/12\/Avion3-300x200.jpg 300w, http:\/\/drisk-solutions.com\/wp-content\/uploads\/2014\/12\/Avion3.jpg 500w\" sizes=\"auto, (max-width: 162px) 100vw, 162px\" \/><img loading=\"lazy\" decoding=\"async\" class=\"  wp-image-273 alignleft\" src=\"http:\/\/drisk-solutions.com\/wp-content\/uploads\/2014\/12\/D-Risk-Courtage-Assurance-Industries-300x233.png\" alt=\"D-Risk Courtage Assurance Industries\" width=\"171\" height=\"132\" srcset=\"http:\/\/drisk-solutions.com\/wp-content\/uploads\/2014\/12\/D-Risk-Courtage-Assurance-Industries-300x233.png 300w, http:\/\/drisk-solutions.com\/wp-content\/uploads\/2014\/12\/D-Risk-Courtage-Assurance-Industries.png 677w\" sizes=\"auto, (max-width: 171px) 100vw, 171px\" \/><br \/>\n<\/strong><\/h4>\n<\/li>\n<li>\n<h4><strong>Automobile<br \/>\n<\/strong><\/h4>\n<\/li>\n<li>\n<h4><strong>M\u00e9dicale<\/strong><\/h4>\n<\/li>\n<li>\n<h4><strong>Vous \u00eates g\u00e9n\u00e9raliste et ne connaissez pas toujours la destination exacte de vos pi\u00e8ces.<img loading=\"lazy\" decoding=\"async\" class=\"  wp-image-571 alignright\" src=\"http:\/\/drisk-solutions.com\/wp-content\/uploads\/2014\/12\/Plateforme1-300x270.jpg\" alt=\"Plateforme\" width=\"121\" height=\"109\" srcset=\"http:\/\/drisk-solutions.com\/wp-content\/uploads\/2014\/12\/Plateforme1-300x270.jpg 300w, http:\/\/drisk-solutions.com\/wp-content\/uploads\/2014\/12\/Plateforme1-1024x923.jpg 1024w, http:\/\/drisk-solutions.com\/wp-content\/uploads\/2014\/12\/Plateforme1-980x883.jpg 980w, http:\/\/drisk-solutions.com\/wp-content\/uploads\/2014\/12\/Plateforme1.jpg 1500w\" sizes=\"auto, (max-width: 121px) 100vw, 121px\" \/><br \/>\n<\/strong><\/h4>\n<\/li>\n<\/ol>\n<\/ol>\n<p>&nbsp;<\/p>\n<p>Votre process n\u00e9cessite l\u2019utilisation de machines de productions, de tours num\u00e9riques, de fours, de bains&#8230;. autant de risques potentiels d&rsquo;accident du travail pour vos collaborateurs suite \u00e0 une erreur humaine, un dysfonctionnement. Avez-vous pris toutes les mesures de s\u00e9curit\u00e9 ?<\/p>\n<p><a href=\"http:\/\/drisk-solutions.com\/wp-content\/uploads\/2014\/12\/Metier-de-lindustrie.jpg\"><img loading=\"lazy\" decoding=\"async\" class=\"  wp-image-566 alignleft\" src=\"http:\/\/drisk-solutions.com\/wp-content\/uploads\/2014\/12\/Metier-de-lindustrie-225x300.jpg\" alt=\"Metier de l'industrie\" width=\"150\" height=\"200\" srcset=\"http:\/\/drisk-solutions.com\/wp-content\/uploads\/2014\/12\/Metier-de-lindustrie-225x300.jpg 225w, http:\/\/drisk-solutions.com\/wp-content\/uploads\/2014\/12\/Metier-de-lindustrie-768x1024.jpg 768w, http:\/\/drisk-solutions.com\/wp-content\/uploads\/2014\/12\/Metier-de-lindustrie.jpg 960w\" sizes=\"auto, (max-width: 150px) 100vw, 150px\" \/><\/a>Travaillez-vous sur des pi\u00e8ces confi\u00e9es par vos clients ? Travaillez-vous sur des \u00e9bauches ou pi\u00e8ces semi-finies ?<img loading=\"lazy\" decoding=\"async\" class=\"  wp-image-554 alignright\" src=\"http:\/\/drisk-solutions.com\/wp-content\/uploads\/2014\/12\/Ecrou-300x225.jpg\" alt=\"Ecrou\" width=\"117\" height=\"88\" srcset=\"http:\/\/drisk-solutions.com\/wp-content\/uploads\/2014\/12\/Ecrou-300x225.jpg 300w, http:\/\/drisk-solutions.com\/wp-content\/uploads\/2014\/12\/Ecrou-1024x768.jpg 1024w, http:\/\/drisk-solutions.com\/wp-content\/uploads\/2014\/12\/Ecrou-980x735.jpg 980w, http:\/\/drisk-solutions.com\/wp-content\/uploads\/2014\/12\/Ecrou.jpg 1280w\" sizes=\"auto, (max-width: 117px) 100vw, 117px\" \/><\/p>\n<p>Confiez-vous une partie de votre prestation \u00e0 des sous-traitants?<\/p>\n<p>Fabriquez-vous des pi\u00e8ces en s\u00e9rie ? \u00a0Vos pi\u00e8ces sont-elles tra\u00e7ables ?<\/p>\n<p>Concevez-vous des plans ?<\/p>\n<p>&nbsp;<\/p>\n<p><strong>Une r\u00e9ponse affirmative \u00e0 l&rsquo;une de ces questions entra\u00eene une exposition de votre entreprise \u00e0 un <span style=\"color: #0297ec;\">risque<\/span> sp\u00e9cifique. Avez-vous pris toutes les\u00a0<span style=\"color: #0297ec;\">mesures pr\u00e9ventives<\/span> pour le pr\u00e9venir ? <span style=\"color: #0297ec;\">Vos garanties d&rsquo;assurance<\/span> sont-elles adapt\u00e9es ?<\/strong><\/p>\n<p style=\"text-align: center;\"><span style=\"color: #0297ec;\"><a style=\"color: #0297ec;\" title=\"Contacts\" href=\"http:\/\/drisk-solutions.com\/?page_id=69\"><strong>Contactez-nous<\/strong><\/a><\/span><\/p>\n","protected":false},"excerpt":{"rendered":"<p>D-RISK SOLUTIONS D&rsquo;ASSURANCE DES INDUSTRIELS, ENTREPRISES DE M\u00c9CANIQUE\u00a0G\u00c9N\u00c9RALE, DE\u00a0M\u00c9TALLURGIE &nbsp; Vous fabriquez des pi\u00e8ces destin\u00e9es \u00e0 l&rsquo;industrie : A\u00e9ronautique Automobile M\u00e9dicale Vous \u00eates g\u00e9n\u00e9raliste et ne connaissez pas toujours la&#8230; <a class=\"read-more-button\" href=\"http:\/\/drisk-solutions.com\/?page_id=133\">Savoir plus &gt;<\/a><\/p>\n","protected":false},"author":3,"featured_media":0,"parent":184,"menu_order":0,"comment_status":"closed","ping_status":"open","template":"template-full-width-without-title.php","meta":{"footnotes":""},"class_list":["post-133","page","type-page","status-publish","hentry"],"_links":{"self":[{"href":"http:\/\/drisk-solutions.com\/index.php?rest_route=\/wp\/v2\/pages\/133","targetHints":{"allow":["GET"]}}],"collection":[{"href":"http:\/\/drisk-solutions.com\/index.php?rest_route=\/wp\/v2\/pages"}],"about":[{"href":"http:\/\/drisk-solutions.com\/index.php?rest_route=\/wp\/v2\/types\/page"}],"author":[{"embeddable":true,"href":"http:\/\/drisk-solutions.com\/index.php?rest_route=\/wp\/v2\/users\/3"}],"replies":[{"embeddable":true,"href":"http:\/\/drisk-solutions.com\/index.php?rest_route=%2Fwp%2Fv2%2Fcomments&post=133"}],"version-history":[{"count":25,"href":"http:\/\/drisk-solutions.com\/index.php?rest_route=\/wp\/v2\/pages\/133\/revisions"}],"predecessor-version":[{"id":752,"href":"http:\/\/drisk-solutions.com\/index.php?rest_route=\/wp\/v2\/pages\/133\/revisions\/752"}],"up":[{"embeddable":true,"href":"http:\/\/drisk-solutions.com\/index.php?rest_route=\/wp\/v2\/pages\/184"}],"wp:attachment":[{"href":"http:\/\/drisk-solutions.com\/index.php?rest_route=%2Fwp%2Fv2%2Fmedia&parent=133"}],"curies":[{"name":"wp","href":"https:\/\/api.w.org\/{rel}","templated":true}]}}